{"id":3,"date":"2025-08-28T09:44:16","date_gmt":"2025-08-28T07:44:16","guid":{"rendered":"https:\/\/fx-mayr.aplikacije.eu\/?page_id=3"},"modified":"2026-03-27T13:24:14","modified_gmt":"2026-03-27T12:24:14","slug":"pravila-privatnosti","status":"publish","type":"page","link":"https:\/\/fx-mayr.aplikacije.eu\/en\/pravila-privatnosti\/","title":{"rendered":"Privacy policy"},"content":{"rendered":"<div data-elementor-type=\"wp-page\" data-elementor-id=\"3\" class=\"elementor elementor-3\" data-elementor-post-type=\"page\">\n\t\t\t\t<div class=\"elementor-element elementor-element-046fc6d e-flex e-con-boxed e-con e-parent\" data-id=\"046fc6d\" data-element_type=\"container\" data-e-type=\"container\">\n\t\t\t\t\t<div class=\"e-con-inner\">\n\t\t\t\t<div class=\"elementor-element elementor-element-89a3e24 elementor-widget elementor-widget-heading\" data-id=\"89a3e24\" data-element_type=\"widget\" data-e-type=\"widget\" data-widget_type=\"heading.default\">\n\t\t\t\t\t<h2 class=\"elementor-heading-title elementor-size-default\">Privacy policy<\/h2>\t\t\t\t<\/div>\n\t\t\t\t\t<\/div>\n\t\t\t\t<\/div>\n\t\t<div class=\"elementor-element elementor-element-508b1094 e-flex e-con-boxed e-con e-parent\" data-id=\"508b1094\" data-element_type=\"container\" data-e-type=\"container\">\n\t\t\t\t\t<div class=\"e-con-inner\">\n\t\t\t\t<div class=\"elementor-element elementor-element-4952e445 elementor-widget elementor-widget-text-editor\" data-id=\"4952e445\" data-element_type=\"widget\" data-e-type=\"widget\" data-widget_type=\"text-editor.default\">\n\t\t\t\t\t\t\t\t\t\n<p>We take the protection of your personal data very seriously and therefore always strive to make the use of our services secure. We are obliged to comply with the Personal Data Protection Act. This data protection statement serves to clarify which data we collect from you, for what purposes we use it, and how we protect it.&nbsp;<\/p>\n\n\n\n<h5 class=\"wp-block-heading\">Content&nbsp;<\/h5>\n\n\n\n<ul class=\"wp-block-list\">\n<li>Scope of application\u00a0<\/li>\n\n\n\n<li>What data are collected and shared\u00a0<\/li>\n\n\n\n<li>Third-party tracking on the internet\u00a0<\/li>\n\n\n\n<li>Conversion tracking using the Facebook pixel\u00a0<\/li>\n\n\n\n<li>Sharing\u00a0<\/li>\n\n\n\n<li>Use of data\u00a0<\/li>\n\n\n\n<li>Data security and transfer\u00a0<\/li>\n\n\n\n<li>Right of withdrawal, provision of information, data modification, and contact\u00a0<\/li>\n<\/ul>\n\n\n\n<h5 class=\"wp-block-heading\">Scope of application<\/h5>\n\n\n\n<p>This statement applies to the use of the company\u2019s services and materials <strong>XY<\/strong> by clients, website users, and business partners.<\/p>\n\n\n\n<p>Please note that, as part of improving our activities in order to enhance our services, updates to this data protection statement may be necessary. In such a case, we will inform you accordingly.&nbsp;<\/p>\n\n\n\n<h5 class=\"wp-block-heading\">What data are collected and shared<\/h5>\n\n\n\n<p>The personal data we process are data about you as a client, collected when you place an order and when you visit <strong>XY<\/strong> or when you complete the Client Consent Statement, as well as data about you as employees <strong>XY<\/strong> based on the Labour Act and other applicable regulations, when you make payments via a bank account or when establishing and performing contractual relationships between you and <strong>XY<\/strong>, which may be directly or indirectly linked to you.<\/p>\n\n\n\n<p>These include the following data: full name, telephone number(s), residential address, email address, date of birth, personal identification number (OIB), and bank details in the case of payments made via bank transfer.<\/p>\n\n\n\n<h5 class=\"wp-block-heading\">Third-party tracking on the internet<\/h5>\n\n\n\n<p>You can use our websites without registering and\/or logging in, and the following tools may be used in the process:&nbsp;<\/p>\n\n\n\n<h5 class=\"wp-block-heading\">Cookies&nbsp;<\/h5>\n\n\n\n<p>In order to improve your browsing experience on this website, we need to store a small amount of information (cookies) on your computer. More than 90% of all websites use this practice; however, according to European Union regulations from 25 March 2011, we are required to obtain your consent before storing cookies. By using our website, you consent to the use of cookies. By blocking cookies, you can still browse the website, but some of its features may not be available to you.&nbsp;<\/p>\n\n\n\n<p>What is a cookie?\nA cookie is a piece of information stored on your computer by the website you visit. Cookies usually store your preferences and website settings, such as your preferred language. Later, when you open the same website again, the internet browser sends back the cookies that belong to that site. This allows the website to display information tailored to your needs.&nbsp;<\/p>\n\n\n\n<p>The default activities of storing and sending cookies are not visible to you. However, you can change your internet browser settings to choose whether to approve or reject requests for storing cookies, automatically delete stored cookies when closing the internet browser, and similar options.&nbsp;<\/p>\n\n\n\n<h5 class=\"wp-block-heading\">Google&nbsp;AdWords&nbsp;<\/h5>\n\n\n\n<p>This tool may be used to record visits to the website for advertising purposes (remarketing) on Google and in the Display Network. Your browser stores cookies during your visit to the website, which makes it possible to recognize you as a visitor when you load websites that belong to Google\u2019s network. On those pages, you as a visitor may be shown advertisements related to content you have previously viewed on other websites that use the remarketing options provided by Google. You can opt out of data collection through Google AdWords on the website http:\/\/www.google.com\/settings\/ads&nbsp;<\/p>\n\n\n\n<h5 class=\"wp-block-heading\">Google AdWords Conversion Tracking&nbsp;<\/h5>\n\n\n\n<p>This allows conversion statistics to be created in order to measure the effectiveness of our online advertising campaigns. A conversion tracking cookie is set when a user clicks on an advertisement placed by Google. According to Google\u2019s data protection provisions, no personal data are processed. If you do not wish to participate in tracking, you can disable the use of this data for such purposes by deactivating the Google conversion tracking cookie through the cookie settings in your web browser.&nbsp;<\/p>\n\n\n\n<p>Please note that current internet browsers accept cookies according to standard, default settings. You can adjust your browser settings so that they do not allow all or only certain cookies, or so that you are asked to approve the acceptance of a new cookie. Instructions for accepting cookies can be found in most browsers through the \u2018Help\u2019 option in the menu. In these instructions, you will also find guidance on how to delete cookies that have already been accepted.&nbsp;<\/p>\n\n\n\n<h5 class=\"wp-block-heading\">Conversion tracking using the Facebook pixel<\/h5>\n\n\n\n<p>As part of our online presence, the \u2018Facebook Visitor Activity Tracking Pixel\u2019 of Facebook Inc., 1601 S. California Ave, Palo Alto, CA 94304, USA (\u2018Facebook\u2019) is used. This is a \u2018cookie\u2019, i.e. a small text file that is stored on your computer and can be read from your computer. With its help, user activities can be tracked after they have seen or clicked on an advertisement on Facebook. In this way, the effectiveness of Facebook advertisements can be measured for statistical evaluation and market research purposes. The data collected in this way are anonymous for us, meaning they cannot be linked to the identity of users. However, this data are stored and processed by Facebook, so that they may be linked to the respective user profile and Facebook may use them for its own promotional purposes in accordance with Facebook\u2019s Data Protection Statement (\u2018http:\/\/www.facebook.com\/about\/privacy\/\u2019\n). You may allow Facebook and its partners to display advertisements on Facebook and outside Facebook. For this purpose, a \u2018cookie\u2019 will be stored on your computer. For more information, please refer to the data protection statement of the respective social network.&nbsp;<\/p>\n\n\n\n<h5 class=\"wp-block-heading\">Sharing<\/h5>\n\n\n\n<p>Sharing buttons for the social networks Facebook, 1601 South California Avenue, Palo Alto, CA 94304, USA, and Instagram, San Francisco, California, USA, are integrated on our website. In addition, a sharing option via email may also be integrated. The sharing buttons can be recognized by their respective logos&nbsp;<\/p>\n\n\n\n<p>Only when you click on the respective \u2018sharing button\u2019 on our website (and only at that moment) is a direct connection established between your browser and the server of the operator of the respective social network. According to the operators of these social networks, no personal data are collected by the social networks without clicking on the respective sharing button. Only for users who are logged in to the respective social networks are these data, including the IP address, collected and processed. If you do not want your visit to our website to be associated with your user account on social networks, please log out of your user account on the respective social network.&nbsp;<\/p>\n\n\n\n<p>At this point, we emphasize that <strong>XY<\/strong>\u00a0has no insight into the content of the transmitted data, nor into their use by the social networks. More information about the use of data by social networks can be found in the data protection statements of the respective social networks.\u00a0<\/p>\n\n\n\n<h5 class=\"wp-block-heading\">Use of data<\/h5>\n\n\n\n<p>We use your personal data fully in accordance with the applicable legal provisions.&nbsp;<\/p>\n\n\n\n<p>The personal data that you make available to us when placing your order and when arriving at <strong>XY<\/strong>, when you complete the Client Consent Statement, when you make payments via bank, or when establishing and performing contractual relationships between you and <strong>XY<\/strong>, will be collected and processed exclusively within the scope of fulfilling our legal obligations (for example, data about employees which <strong>XY<\/strong>\u00a0we are required to collect under the Labour Act) or contractual obligations towards you based on your consent.\u00a0<\/p>\n\n\n\n<p>After you give us your explicit consent, we will use your data to deliver materials related to the relevant services, for mutual communication, including birthday greetings, and for related actions and activities, as well as to inform you about service offers <strong>XY<\/strong>, discount promotions, new offerings, workshops, educational events, promotions, and for advertising purposes. <strong>XY<\/strong>.<\/p>\n\n\n\n<p>To protect your data, we use passwords, a web firewall, antivirus programs, and other security measures in accordance with the current state of technology. In communication via email, data security during transmission can only be guaranteed according to the current state of the art.&nbsp;<\/p>\n\n\n\n<p>Client data stated in the Client Consent Statement are stored in the original document of the statement and in electronic form. The originals of these statements are kept in a cabinet secured with a key, and access to the client list <strong>XY<\/strong>\u00a0and the client data from the statement that are stored in electronic form are protected by a password. The retention period for the aforementioned data is two years from the date of the client\u2019s last interaction with <strong>XY<\/strong>.<\/p>\n\n\n\n<p>The originals of the Client Consent Statements are mechanically destroyed after a period of two years from the date of the client\u2019s last interaction with <strong>XY<\/strong>.<\/p>\n\n\n\n<p>Access to the list containing client data and the Client Consent Statements is granted to the director<strong> XY<\/strong>\u00a0as the responsible person and the employees <strong>XY<\/strong>, since such access is necessary for the performance of obligations and services <strong>XY<\/strong>\u00a0to the respective clients, and such access is regulated in accordance with applicable legislation. Each client has the right to access the personal data concerning them that are contained in the client list. <strong>XY<\/strong>\u00a0and that are processed about them (for example, in the list of service users).\u00a0<\/p>\n\n\n\n<p>Personal data provided by the client for the purpose of payment via bank are collected in electronic form and stored on a computer, with access protected by a password. Access to the aforementioned data is granted to the director <strong>XY<\/strong>\u00a0The retention period for the aforementioned data is determined in accordance with applicable regulations, in particular accounting regulations.\u00a0<\/p>\n\n\n\n<p>Personal data that are collected are retained for as long as necessary to fulfill the purpose of their collection and processing. Client data specified in the Client Consent Statement that are collected for the purpose of sending notifications about services <strong>XY<\/strong>\u00a0and their promotion are retained until the client withdraws their consent, and at the latest until the expiration of two years from the date of the client\u2019s last interaction with <strong>XY<\/strong>.\u00a0<\/p>\n\n\n\n<p>Responsible persons and employees <strong>XY<\/strong>\u00a0who have the right and authorization to access the personal data collected by<strong> XY<\/strong>\u00a0undertake, by signing a Confidentiality Statement, to permanently maintain the confidentiality of personal data and to act in accordance with applicable legislation and regulations. <strong>XY<\/strong>.\u00a0<\/p>\n\n\n\n<p>Your personal data may be shared with \/ entrusted to certain contractual partners.<strong> XY<\/strong>, if they <strong>XY<\/strong>\u00a0decides to engage them.\u00a0<\/p>\n\n\n\n<p>Namely, we may engage certain partners to fulfill our obligations (for example, an accounting service) and services, to communicate with members, to manage our online presence and access, and to fulfill some of the purposes stated in this Statement. Your personal data will be shared with a contractual partner <strong>XY<\/strong>\u00a0if they are necessary for the performance of a specific service related to you. The aforementioned contractual partners will be selected carefully in order to ensure lawful and secure data processing. Furthermore, these contractual partners will be obliged to use your personal data only for specific purposes in accordance with our instructions and in compliance with Croatian legal provisions on personal data protection. The use of data by contractual partners for any other purposes is excluded.\u00a0<\/p>\n\n\n\n<p>We will not share your personal data with other parties apart from the contractual partners mentioned above, unless you have given your consent to do so.&nbsp;<\/p>\n\n\n\n<p>Considering the nature, scope, and purpose of the collection, use, and processing of personal data by <strong>XY<\/strong>, including the fact that the collection, use, and processing are not carried out on a large scale, nor are special categories of personal data collected, i.e. <strong>XY<\/strong>\u00a0and its services are not subject to the legal obligation to appoint a Data Protection Officer. <strong>XY<\/strong>\u00a0and no such officer has been appointed.\u00a0<\/p>\n\n\n\n<h5 class=\"wp-block-heading\">Right of withdrawal, provision of information, data modification, and contact<\/h5>\n\n\n\n<p>By signing the Client Consent Statement or by using our website, you agree to the use of your personal data in the manner described in the aforementioned Client Consent Statement and this Data Protection Statement.&nbsp;<\/p>\n\n\n\n<p>At the same time, in accordance with the applicable legislation on personal data protection and the rights it grants you as the owner of personal data, with which you have been<strong> XY<\/strong> informed you, you also have the right to access, rectify, erase, or restrict the processing of your personal data; the right to withdraw your consent for the use of your personal data at any time in the future without providing a reason; as well as the right to lodge a complaint with the supervisory authority. Withdrawal of consent must be made in writing (by letter or email) to the following publicly available address of the registered office: Samoborska 264, Zagreb, or to info@fx-mayr.hr\n. Such withdrawal will prevent the future use of your personal data by <strong>XY<\/strong>.<\/p>\n\n\n\n<p>Please contact us at one of the above addresses if you have any questions regarding the use of your data or if you wish to update or correct your data.&nbsp;<\/p>\n\n\n\n<p><\/p>\n\t\t\t\t\t\t\t\t<\/div>\n\t\t\t\t\t<\/div>\n\t\t\t\t<\/div>\n\t\t\t\t<\/div>","protected":false},"excerpt":{"rendered":"<p>Pravila privatnosti Za\u0161titu Va\u0161ih osobnih podataka shva\u0107amo vrlo ozbiljno i stoga uvijek nastojimo kori\u0161tenje na\u0161ih usluga u\u010diniti sigurnim. Obvezni smo po\u0161tivati Zakon o za\u0161titi osobnih podatka. Ova izjava o za\u0161titi podataka slu\u017ei za poja\u0161njenje o tome koje podatke od Vas prikupljamo, u koju svrhu ih koristimo te kako ih \u0161titimo.&nbsp; Sadr\u017eaj&nbsp; Podru\u010dje primjene Ova izjava [&hellip;]<\/p>\n","protected":false},"author":1,"featured_media":0,"parent":0,"menu_order":0,"comment_status":"closed","ping_status":"open","template":"","meta":{"_acf_changed":false,"footnotes":""},"class_list":["post-3","page","type-page","status-publish","hentry"],"acf":[],"_links":{"self":[{"href":"https:\/\/fx-mayr.aplikacije.eu\/en\/wp-json\/wp\/v2\/pages\/3","targetHints":{"allow":["GET"]}}],"collection":[{"href":"https:\/\/fx-mayr.aplikacije.eu\/en\/wp-json\/wp\/v2\/pages"}],"about":[{"href":"https:\/\/fx-mayr.aplikacije.eu\/en\/wp-json\/wp\/v2\/types\/page"}],"author":[{"embeddable":true,"href":"https:\/\/fx-mayr.aplikacije.eu\/en\/wp-json\/wp\/v2\/users\/1"}],"replies":[{"embeddable":true,"href":"https:\/\/fx-mayr.aplikacije.eu\/en\/wp-json\/wp\/v2\/comments?post=3"}],"version-history":[{"count":4,"href":"https:\/\/fx-mayr.aplikacije.eu\/en\/wp-json\/wp\/v2\/pages\/3\/revisions"}],"predecessor-version":[{"id":2432,"href":"https:\/\/fx-mayr.aplikacije.eu\/en\/wp-json\/wp\/v2\/pages\/3\/revisions\/2432"}],"wp:attachment":[{"href":"https:\/\/fx-mayr.aplikacije.eu\/en\/wp-json\/wp\/v2\/media?parent=3"}],"curies":[{"name":"wp","href":"https:\/\/api.w.org\/{rel}","templated":true}]}}